{"id":2752,"date":"2016-05-25T11:35:51","date_gmt":"2016-05-25T09:35:51","guid":{"rendered":"https:\/\/suitesdecheverny.fr\/de\/informations-legales\/"},"modified":"2016-05-25T11:35:51","modified_gmt":"2016-05-25T09:35:51","slug":"informations-legales","status":"publish","type":"page","link":"https:\/\/www.suitesdecheverny.fr\/de\/informations-legales\/","title":{"rendered":"Informations l\u00e9gales"},"content":{"rendered":"<h2>Informations relatives au site Suitesdecheverny.fr<\/h2>\n<p>Conform\u00e9ment aux dispositions des articles 6-III et 19 de la loi pour la Confiance dans l\u2019\u00c9conomie Num\u00e9rique, nous vous informons que :<br \/>\nLe site des Suites de Cheverny est \u00e9dit\u00e9 par la SARL Orangerie du ch\u00e2teau de Cheverny.<br \/>\nSarl au capital de 46.200 EUR.<br \/>\nSi\u00e8ge social : Ch\u00e2teau de Cheverny 41700 Cheverny.<br \/>\nT\u00e9l. : 02.54.79.96.29.<br \/>\nRCS : Blois N\u00b0B950062901.<br \/>\nDirecteur de publication : Charles-Antoine de Vibraye.<\/p>\n<h2>Le prestataire assurant le stockage direct et permanent est :<\/h2>\n<p>OVH<br \/>\n2 rue Kellermann<br \/>\n59100 Roubaix \u2013 France<br \/>\nT\u00e9l : 08 203 203 63 n\u00b0 indigo (0.118 \u20ac\/min)<\/p>\n<h2>Cookies<\/h2>\n<p>Lors de la consultation du site https:\/\/suitesdecheverny.fr, des cookies sont d\u00e9pos\u00e9s sur l\u2019ordinateur de l\u2019internaute soit par les Suites de Cheverny soit par des soci\u00e9t\u00e9s tierces. Les cookies sont des fichiers qui ont pour but de collecter des informations relatives \u00e0 la navigation de l\u2019internaute. Ils sont g\u00e9r\u00e9s par le navigateur internet.<\/p>\n<p>Les internautes peuvent \u00e0 tout moment choisir de d\u00e9sactiver ses cookies. Certains navigateurs peuvent \u00e9galement \u00eatre param\u00e9tr\u00e9s pour signaler les cookies qui sont d\u00e9pos\u00e9s dans l\u2019ordinateur de l\u2019Internaute et lui demander s\u2019il les accepte ou pas. Les cookies peuvent \u00eatre accept\u00e9s ou refus\u00e9s au cas par cas ou bien refus\u00e9s syst\u00e9matiquement.<br \/>\nLe param\u00e9trage des cookies est susceptible de modifier les conditions d\u2019acc\u00e8s des internautes \u00e0 certains contenus ou services.<br \/>\nSi le navigateur est configur\u00e9 de mani\u00e8re \u00e0 refuser l\u2019ensemble des cookies, l\u2019internaute ne pourra pas profiter d\u2019une partie des services propos\u00e9s sur le site https:\/\/suitesdecheverny.fr. Afin de g\u00e9rer les cookies au plus pr\u00e8s de ses attentes l\u2019internaute est invit\u00e9 \u00e0 param\u00e9trer son navigateur en tenant compte de la finalit\u00e9 des diff\u00e9rents cookies.<\/p>\n","protected":false},"excerpt":{"rendered":"<p>Informations relatives au site Suitesdecheverny.fr Conform\u00e9ment aux dispositions des articles 6-III et 19 de la loi pour la Confiance dans l\u2019\u00c9conomie Num\u00e9rique, nous vous informons que : Le site des Suites de Cheverny est \u00e9dit\u00e9 par la SARL Orangerie du<\/p>\n","protected":false},"author":6,"featured_media":0,"parent":0,"menu_order":0,"comment_status":"closed","ping_status":"closed","template":"","meta":{"footnotes":""},"class_list":["post-2752","page","type-page","status-publish","hentry"],"aioseo_notices":[],"_links":{"self":[{"href":"https:\/\/www.suitesdecheverny.fr\/de\/wp-json\/wp\/v2\/pages\/2752","targetHints":{"allow":["GET"]}}],"collection":[{"href":"https:\/\/www.suitesdecheverny.fr\/de\/wp-json\/wp\/v2\/pages"}],"about":[{"href":"https:\/\/www.suitesdecheverny.fr\/de\/wp-json\/wp\/v2\/types\/page"}],"author":[{"embeddable":true,"href":"https:\/\/www.suitesdecheverny.fr\/de\/wp-json\/wp\/v2\/users\/6"}],"replies":[{"embeddable":true,"href":"https:\/\/www.suitesdecheverny.fr\/de\/wp-json\/wp\/v2\/comments?post=2752"}],"version-history":[{"count":0,"href":"https:\/\/www.suitesdecheverny.fr\/de\/wp-json\/wp\/v2\/pages\/2752\/revisions"}],"wp:attachment":[{"href":"https:\/\/www.suitesdecheverny.fr\/de\/wp-json\/wp\/v2\/media?parent=2752"}],"curies":[{"name":"wp","href":"https:\/\/api.w.org\/{rel}","templated":true}]}}