{"id":4009,"date":"2017-01-17T11:35:08","date_gmt":"2017-01-17T10:35:08","guid":{"rendered":"https:\/\/suitesdecheverny.fr\/?page_id=4009\/"},"modified":"2022-04-22T12:35:22","modified_gmt":"2022-04-22T10:35:22","slug":"immediate-surroundings","status":"publish","type":"page","link":"https:\/\/www.suitesdecheverny.fr\/en\/immediate-surroundings\/","title":{"rendered":"Immediate surroundings"},"content":{"rendered":"<p><div class=\"fusion-fullwidth fullwidth-box fusion-builder-row-1 nonhundred-percent-fullwidth non-hundred-percent-height-scrolling fusion-equal-height-columns\" style=\"--awb-background-position:left top;--awb-border-sizes-top:0px;--awb-border-sizes-bottom:0px;--awb-border-sizes-left:0px;--awb-border-sizes-right:0px;--awb-border-radius-top-left:0px;--awb-border-radius-top-right:0px;--awb-border-radius-bottom-right:0px;--awb-border-radius-bottom-left:0px;--awb-padding-top:0px;--awb-padding-bottom:35px;--awb-flex-wrap:wrap;\" ><div class=\"fusion-builder-row fusion-row\"><div class=\"fusion-layout-column fusion_builder_column fusion-builder-column-0 fusion_builder_column_1_1 1_1 fusion-one-full fusion-column-first fusion-column-last fusion-column-no-min-height\" style=\"--awb-bg-size:cover;--awb-margin-bottom:0px;\"><div class=\"fusion-column-wrapper fusion-flex-column-wrapper-legacy\"><div class=\"fusion-text fusion-text-1\"><h1>Immediate surroundings Cheverny Suites<\/h1>\n<\/div><div class=\"fusion-sep-clear\"><\/div><div class=\"fusion-separator fusion-clearfix\" style=\"float:left;margin-top:0px;margin-bottom:10px;width:100%;max-width:50px;\"><div class=\"fusion-separator-border sep-single sep-solid\" style=\"--awb-height:20px;--awb-amount:20px;--awb-sep-color:#cbaa5c;border-color:#cbaa5c;border-top-width:1px;\"><\/div><\/div><div class=\"fusion-sep-clear\"><\/div><div class=\"fusion-text fusion-text-2\"><h3><span style=\"color: #cbaa5c;\"><em>Lord of the castle for one evening, you dream of an unforgettable night ?<\/em><\/span><\/h3>\n<h4>You had never dreamt of sleeping so close to Tintin&#8217;s bedroom and the Moulinsart Castle in such an exceptional spot ? Today its possible ! Book now your Suite with Castle view, balcony or private garden !<\/h4>\n<\/div><div class=\"fusion-clearfix\"><\/div><\/div><\/div><\/div><\/div><div class=\"fusion-fullwidth fullwidth-box fusion-builder-row-2 hundred-percent-fullwidth non-hundred-percent-height-scrolling\" style=\"--awb-border-radius-top-left:0px;--awb-border-radius-top-right:0px;--awb-border-radius-bottom-right:0px;--awb-border-radius-bottom-left:0px;--awb-overflow:visible;--awb-padding-right:30px;--awb-padding-left:30px;--awb-flex-wrap:wrap;\" ><div class=\"fusion-builder-row fusion-row\"><div class=\"fusion-layout-column fusion_builder_column fusion-builder-column-1 fusion_builder_column_1_2 1_2 fusion-one-half fusion-column-first\" style=\"--awb-bg-size:cover;width:50%;width:calc(50% - ( ( 4% ) * 0.5 ) );margin-right: 4%;\"><div class=\"fusion-column-wrapper fusion-flex-column-wrapper-legacy\"><div class=\"fusion-image-element fusion-image-align-center in-legacy-container\" style=\"text-align:center;--awb-caption-title-font-family:var(--h2_typography-font-family);--awb-caption-title-font-weight:var(--h2_typography-font-weight);--awb-caption-title-font-style:var(--h2_typography-font-style);--awb-caption-title-size:var(--h2_typography-font-size);--awb-caption-title-transform:var(--h2_typography-text-transform);--awb-caption-title-line-height:var(--h2_typography-line-height);--awb-caption-title-letter-spacing:var(--h2_typography-letter-spacing);\"><div class=\"imageframe-align-center\"><span class=\" fusion-imageframe imageframe-glow imageframe-1 hover-type-zoomin\" style=\"-webkit-box-shadow: 0 0 3px rgba(0,0,0,0.3);box-shadow: 0 0 3px rgba(0,0,0,0.3);\"><a href=\"https:\/\/www.suitesdecheverny.fr\/wp-content\/uploads\/2021\/01\/allee-chateau-cheverny-600x398.jpeg\" class=\"fusion-lightbox\" data-rel=\"iLightbox[environnement]\" data-title=\"allee-chateau-cheverny [EN]\" title=\"allee-chateau-cheverny [EN]\"><img decoding=\"async\" width=\"600\" height=\"398\" alt=\"Vue du Ch\u00e2teau de Cheverny\" src=\"https:\/\/www.suitesdecheverny.fr\/wp-content\/uploads\/2021\/01\/allee-chateau-cheverny-600x398.jpeg\" class=\"img-responsive wp-image-5277\" srcset=\"https:\/\/www.suitesdecheverny.fr\/wp-content\/uploads\/2021\/01\/allee-chateau-cheverny-200x133.jpeg 200w, https:\/\/www.suitesdecheverny.fr\/wp-content\/uploads\/2021\/01\/allee-chateau-cheverny-400x266.jpeg 400w, https:\/\/www.suitesdecheverny.fr\/wp-content\/uploads\/2021\/01\/allee-chateau-cheverny-600x398.jpeg 600w, https:\/\/www.suitesdecheverny.fr\/wp-content\/uploads\/2021\/01\/allee-chateau-cheverny.jpeg 800w\" sizes=\"(max-width: 1105px) 100vw, 600px\" \/><\/a><\/span><\/div><\/div><div class=\"fusion-clearfix\"><\/div><\/div><\/div><div class=\"fusion-layout-column fusion_builder_column fusion-builder-column-2 fusion_builder_column_1_2 1_2 fusion-one-half fusion-column-last\" style=\"--awb-bg-size:cover;width:50%;width:calc(50% - ( ( 4% ) * 0.5 ) );\"><div class=\"fusion-column-wrapper fusion-flex-column-wrapper-legacy\"><div class=\"fusion-image-element fusion-image-align-center in-legacy-container\" style=\"text-align:center;--awb-caption-title-font-family:var(--h2_typography-font-family);--awb-caption-title-font-weight:var(--h2_typography-font-weight);--awb-caption-title-font-style:var(--h2_typography-font-style);--awb-caption-title-size:var(--h2_typography-font-size);--awb-caption-title-transform:var(--h2_typography-text-transform);--awb-caption-title-line-height:var(--h2_typography-line-height);--awb-caption-title-letter-spacing:var(--h2_typography-letter-spacing);\"><div class=\"imageframe-align-center\"><span class=\" fusion-imageframe imageframe-glow imageframe-2 hover-type-zoomin\" style=\"-webkit-box-shadow: 0 0 3px rgba(0,0,0,0.3);box-shadow: 0 0 3px rgba(0,0,0,0.3);\"><a href=\"https:\/\/www.suitesdecheverny.fr\/wp-content\/uploads\/2021\/01\/proximite-appartements-suites-chateau-cheverny-600x341.jpg\" class=\"fusion-lightbox\" data-rel=\"iLightbox[environnement]\" data-title=\"proximite-appartements-suites-chateau-cheverny [EN]\" title=\"proximite-appartements-suites-chateau-cheverny [EN]\"><img decoding=\"async\" width=\"600\" height=\"341\" alt=\"Vue de la Cour des Suites de Cheverny\" src=\"https:\/\/www.suitesdecheverny.fr\/wp-content\/uploads\/2021\/01\/proximite-appartements-suites-chateau-cheverny-600x341.jpg\" class=\"img-responsive wp-image-5280\" srcset=\"https:\/\/www.suitesdecheverny.fr\/wp-content\/uploads\/2021\/01\/proximite-appartements-suites-chateau-cheverny-200x114.jpg 200w, https:\/\/www.suitesdecheverny.fr\/wp-content\/uploads\/2021\/01\/proximite-appartements-suites-chateau-cheverny-400x227.jpg 400w, https:\/\/www.suitesdecheverny.fr\/wp-content\/uploads\/2021\/01\/proximite-appartements-suites-chateau-cheverny-600x341.jpg 600w, https:\/\/www.suitesdecheverny.fr\/wp-content\/uploads\/2021\/01\/proximite-appartements-suites-chateau-cheverny-800x455.jpg 800w, https:\/\/www.suitesdecheverny.fr\/wp-content\/uploads\/2021\/01\/proximite-appartements-suites-chateau-cheverny-1200x682.jpg 1200w, https:\/\/www.suitesdecheverny.fr\/wp-content\/uploads\/2021\/01\/proximite-appartements-suites-chateau-cheverny.jpg 1208w\" sizes=\"(max-width: 1105px) 100vw, 600px\" \/><\/a><\/span><\/div><\/div><div class=\"fusion-clearfix\"><\/div><\/div><\/div><div class=\"fusion-layout-column fusion_builder_column fusion-builder-column-3 fusion_builder_column_1_2 1_2 fusion-one-half fusion-column-first\" style=\"--awb-bg-size:cover;width:50%;width:calc(50% - ( ( 4% ) * 0.5 ) );margin-right: 4%;\"><div class=\"fusion-column-wrapper fusion-flex-column-wrapper-legacy\"><div class=\"fusion-image-element fusion-image-align-center in-legacy-container\" style=\"text-align:center;--awb-caption-title-font-family:var(--h2_typography-font-family);--awb-caption-title-font-weight:var(--h2_typography-font-weight);--awb-caption-title-font-style:var(--h2_typography-font-style);--awb-caption-title-size:var(--h2_typography-font-size);--awb-caption-title-transform:var(--h2_typography-text-transform);--awb-caption-title-line-height:var(--h2_typography-line-height);--awb-caption-title-letter-spacing:var(--h2_typography-letter-spacing);\"><div class=\"imageframe-align-center\"><span class=\" fusion-imageframe imageframe-glow imageframe-3 hover-type-zoomin\" style=\"-webkit-box-shadow: 0 0 3px rgba(0,0,0,0.3);box-shadow: 0 0 3px rgba(0,0,0,0.3);\"><a href=\"https:\/\/www.suitesdecheverny.fr\/wp-content\/uploads\/2021\/01\/loire-a-velo_cheverny-1-600x386.jpg\" class=\"fusion-lightbox\" data-rel=\"iLightbox[environnement]\" data-title=\"loire-a-velo_cheverny [EN]\" title=\"loire-a-velo_cheverny [EN]\"><img decoding=\"async\" width=\"600\" height=\"386\" alt=\"Cour priv\u00e9e de la Suite Marguerite : appartement \u00e0 louer pour un s\u00e9jour \u00e0 Cheverny\" src=\"https:\/\/www.suitesdecheverny.fr\/wp-content\/uploads\/2021\/01\/loire-a-velo_cheverny-1-600x386.jpg\" class=\"img-responsive wp-image-5283\" srcset=\"https:\/\/www.suitesdecheverny.fr\/wp-content\/uploads\/2021\/01\/loire-a-velo_cheverny-1-200x129.jpg 200w, https:\/\/www.suitesdecheverny.fr\/wp-content\/uploads\/2021\/01\/loire-a-velo_cheverny-1-400x257.jpg 400w, https:\/\/www.suitesdecheverny.fr\/wp-content\/uploads\/2021\/01\/loire-a-velo_cheverny-1-600x386.jpg 600w, https:\/\/www.suitesdecheverny.fr\/wp-content\/uploads\/2021\/01\/loire-a-velo_cheverny-1.jpg 665w\" sizes=\"(max-width: 1105px) 100vw, 600px\" \/><\/a><\/span><\/div><\/div><div class=\"fusion-clearfix\"><\/div><\/div><\/div><div class=\"fusion-layout-column fusion_builder_column fusion-builder-column-4 fusion_builder_column_1_2 1_2 fusion-one-half fusion-column-last\" style=\"--awb-bg-size:cover;width:50%;width:calc(50% - ( ( 4% ) * 0.5 ) );\"><div class=\"fusion-column-wrapper fusion-flex-column-wrapper-legacy\"><div class=\"fusion-image-element fusion-image-align-center in-legacy-container\" style=\"text-align:center;--awb-caption-title-font-family:var(--h2_typography-font-family);--awb-caption-title-font-weight:var(--h2_typography-font-weight);--awb-caption-title-font-style:var(--h2_typography-font-style);--awb-caption-title-size:var(--h2_typography-font-size);--awb-caption-title-transform:var(--h2_typography-text-transform);--awb-caption-title-line-height:var(--h2_typography-line-height);--awb-caption-title-letter-spacing:var(--h2_typography-letter-spacing);\"><div class=\"imageframe-align-center\"><span class=\" fusion-imageframe imageframe-glow imageframe-4 hover-type-zoomin\" style=\"-webkit-box-shadow: 0 0 3px rgba(0,0,0,0.3);box-shadow: 0 0 3px rgba(0,0,0,0.3);\"><a href=\"https:\/\/www.suitesdecheverny.fr\/wp-content\/uploads\/2021\/02\/parc-chateau-cheverny-printemps-600x416.jpg\" class=\"fusion-lightbox\" data-rel=\"iLightbox[environnement]\" data-title=\"parc-chateau-cheverny-printemps [EN]\" title=\"parc-chateau-cheverny-printemps [EN]\"><img decoding=\"async\" width=\"600\" height=\"416\" alt=\"Vue sur l&#039;\u00e9glise de Cheverny, depuis les Suites de Cheverny\" src=\"https:\/\/www.suitesdecheverny.fr\/wp-content\/uploads\/2021\/02\/parc-chateau-cheverny-printemps-600x416.jpg\" class=\"img-responsive wp-image-5289\" srcset=\"https:\/\/www.suitesdecheverny.fr\/wp-content\/uploads\/2021\/02\/parc-chateau-cheverny-printemps-200x139.jpg 200w, https:\/\/www.suitesdecheverny.fr\/wp-content\/uploads\/2021\/02\/parc-chateau-cheverny-printemps-400x278.jpg 400w, https:\/\/www.suitesdecheverny.fr\/wp-content\/uploads\/2021\/02\/parc-chateau-cheverny-printemps-600x416.jpg 600w, https:\/\/www.suitesdecheverny.fr\/wp-content\/uploads\/2021\/02\/parc-chateau-cheverny-printemps-800x555.jpg 800w, https:\/\/www.suitesdecheverny.fr\/wp-content\/uploads\/2021\/02\/parc-chateau-cheverny-printemps.jpg 1000w\" sizes=\"(max-width: 1105px) 100vw, 600px\" \/><\/a><\/span><\/div><\/div><div class=\"fusion-clearfix\"><\/div><\/div><\/div><div class=\"fusion-layout-column fusion_builder_column fusion-builder-column-5 fusion_builder_column_1_1 1_1 fusion-one-full fusion-column-first fusion-column-last fusion-column-no-min-height\" style=\"--awb-bg-size:cover;--awb-margin-bottom:0px;\"><div class=\"fusion-column-wrapper fusion-flex-column-wrapper-legacy\"><div class=\"fusion-clearfix\"><\/div><\/div><\/div><\/div><\/div><\/p>\n","protected":false},"excerpt":{"rendered":"","protected":false},"author":6,"featured_media":0,"parent":0,"menu_order":0,"comment_status":"open","ping_status":"open","template":"100-width.php","meta":{"footnotes":""},"class_list":["post-4009","page","type-page","status-publish","hentry"],"aioseo_notices":[],"_links":{"self":[{"href":"https:\/\/www.suitesdecheverny.fr\/en\/wp-json\/wp\/v2\/pages\/4009","targetHints":{"allow":["GET"]}}],"collection":[{"href":"https:\/\/www.suitesdecheverny.fr\/en\/wp-json\/wp\/v2\/pages"}],"about":[{"href":"https:\/\/www.suitesdecheverny.fr\/en\/wp-json\/wp\/v2\/types\/page"}],"author":[{"embeddable":true,"href":"https:\/\/www.suitesdecheverny.fr\/en\/wp-json\/wp\/v2\/users\/6"}],"replies":[{"embeddable":true,"href":"https:\/\/www.suitesdecheverny.fr\/en\/wp-json\/wp\/v2\/comments?post=4009"}],"version-history":[{"count":7,"href":"https:\/\/www.suitesdecheverny.fr\/en\/wp-json\/wp\/v2\/pages\/4009\/revisions"}],"predecessor-version":[{"id":5476,"href":"https:\/\/www.suitesdecheverny.fr\/en\/wp-json\/wp\/v2\/pages\/4009\/revisions\/5476"}],"wp:attachment":[{"href":"https:\/\/www.suitesdecheverny.fr\/en\/wp-json\/wp\/v2\/media?parent=4009"}],"curies":[{"name":"wp","href":"https:\/\/api.w.org\/{rel}","templated":true}]}}