{"id":2645,"date":"2016-05-24T14:40:34","date_gmt":"2016-05-24T12:40:34","guid":{"rendered":"https:\/\/suitesdecheverny.fr\/es\/?page_id=2645"},"modified":"2022-11-21T10:25:45","modified_gmt":"2022-11-21T09:25:45","slug":"7-henri","status":"publish","type":"page","link":"https:\/\/www.suitesdecheverny.fr\/es\/suites\/7-henri\/","title":{"rendered":"7 henri"},"content":{"rendered":"<div class=\"fusion-fullwidth fullwidth-box fusion-builder-row-1 nonhundred-percent-fullwidth non-hundred-percent-height-scrolling\" style=\"--awb-background-position:left top;--awb-border-sizes-top:0px;--awb-border-sizes-bottom:0px;--awb-border-sizes-left:0px;--awb-border-sizes-right:0px;--awb-border-radius-top-left:0px;--awb-border-radius-top-right:0px;--awb-border-radius-bottom-right:0px;--awb-border-radius-bottom-left:0px;--awb-padding-top:0px;--awb-padding-right:0px;--awb-padding-bottom:95px;--awb-padding-left:0px;--awb-flex-wrap:wrap;\" ><div class=\"fusion-builder-row fusion-row\"><div class=\"fusion-layout-column fusion_builder_column fusion-builder-column-0 fusion_builder_column_1_2 1_2 fusion-one-half fusion-column-first\" style=\"--awb-bg-size:cover;width:48%; margin-right: 4%;\"><div class=\"fusion-column-wrapper fusion-flex-column-wrapper-legacy\"><div class=\"fusion-text fusion-text-1\"><p style=\"letter-spacing: 4px; font-size: 13px; margin-bottom: 0px;\">DESCRIPCI\u00d3N<\/p>\n<h1>Suite Henri<\/h1>\n<\/div><div class=\"fusion-sep-clear\"><\/div><div class=\"fusion-separator fusion-clearfix\" style=\"float:left;margin-top:0px;margin-bottom:20px;width:100%;max-width:50px;\"><div class=\"fusion-separator-border sep-single sep-solid\" style=\"--awb-height:20px;--awb-amount:20px;--awb-sep-color:#cbaa5c;border-color:#cbaa5c;border-top-width:1px;\"><\/div><\/div><div class=\"fusion-sep-clear\"><\/div><div class=\"fusion-text fusion-text-2\"><p>La suite Henri incluye :<\/p>\n<\/p>\n<ul style=\"--awb-iconcolor:#cbaa5c;--awb-line-height:27.2px;--awb-icon-width:27.2px;--awb-icon-height:27.2px;--awb-icon-margin:11.2px;--awb-content-margin:38.4px;\" class=\"fusion-checklist fusion-checklist-1 fusion-checklist-default type-icons\">\n<li class=\"fusion-li-item\" style=\"\"><span class=\"icon-wrapper circle-no\"><i class=\"fusion-li-icon fa fa-sign-out\" aria-hidden=\"true\"><\/i><\/span><div class=\"fusion-li-item-content\">1 dormitorio con aire acondicionado&nbsp;con cama de matrimonio&nbsp;(160) + 1 extra cama individual (90)<\/div><\/li>\n<li class=\"fusion-li-item\" style=\"\"><span class=\"icon-wrapper circle-no\"><i class=\"fusion-li-icon fa fa-sign-out\" aria-hidden=\"true\"><\/i><\/span><div class=\"fusion-li-item-content\">1 cuarto de ba\u00f1o<\/div><\/li><li class=\"fusion-li-item\" style=\"\"><span class=\"icon-wrapper circle-no\"><i class=\"fusion-li-icon fa fa-sign-out\" aria-hidden=\"true\"><\/i><\/span><div class=\"fusion-li-item-content\">1 sal\u00f3n<\/div><\/li><li class=\"fusion-li-item\" style=\"\"><span class=\"icon-wrapper circle-no\"><i class=\"fusion-li-icon fa fa-sign-out\" aria-hidden=\"true\"><\/i><\/span><div class=\"fusion-li-item-content\">1 cocina totalmente equipada&nbsp;<\/div><\/li><li class=\"fusion-li-item\" style=\"\"><span class=\"icon-wrapper circle-no\"><i class=\"fusion-li-icon fa fa-sign-out\" aria-hidden=\"true\"><\/i><\/span><div class=\"fusion-li-item-content\">1 acceso al jardin <\/div><\/li>\n<\/ul>\n<p><strong>Capacidad :<\/strong> 2-3 personas<\/p>\n<\/div><div class=\"fusion-text fusion-text-3\">\n\t\t<style type=\"text\/css\">\n\t\t\t#gallery-1 {\n\t\t\t\tmargin: auto;\n\t\t\t}\n\t\t\t#gallery-1 .gallery-item {\n\t\t\t\tfloat: left;\n\t\t\t\tmargin-top: 10px;\n\t\t\t\ttext-align: center;\n\t\t\t\twidth: 33%;\n\t\t\t}\n\t\t\t#gallery-1 img {\n\t\t\t\tborder: 2px solid #cfcfcf;\n\t\t\t}\n\t\t\t#gallery-1 .gallery-caption {\n\t\t\t\tmargin-left: 0;\n\t\t\t}\n\t\t\t\/* see gallery_shortcode() in wp-includes\/media.php *\/\n\t\t<\/style>\n\t\t<div id='gallery-1' class='gallery galleryid-2645 gallery-columns-3 gallery-size-thumbnail'><dl class='gallery-item'>\n\t\t\t<dt class='gallery-icon portrait'>\n\t\t\t\t<a data-rel=\"iLightbox[postimages]\" data-title=\"henri-min [ES]\" data-caption=\"\" href='https:\/\/www.suitesdecheverny.fr\/wp-content\/uploads\/2016\/08\/henri-min.jpg'><img decoding=\"async\" width=\"150\" height=\"150\" src=\"https:\/\/www.suitesdecheverny.fr\/wp-content\/uploads\/2016\/08\/henri-min-150x150.jpg\" class=\"attachment-thumbnail size-thumbnail\" alt=\"\" srcset=\"https:\/\/www.suitesdecheverny.fr\/wp-content\/uploads\/2016\/08\/henri-min-66x66.jpg 66w, https:\/\/www.suitesdecheverny.fr\/wp-content\/uploads\/2016\/08\/henri-min-150x150.jpg 150w\" sizes=\"(max-width: 150px) 100vw, 150px\" \/><\/a>\n\t\t\t<\/dt><\/dl><dl class='gallery-item'>\n\t\t\t<dt class='gallery-icon landscape'>\n\t\t\t\t<a data-rel=\"iLightbox[postimages]\" data-title=\"henri [ES]\" data-caption=\"\" href='https:\/\/www.suitesdecheverny.fr\/wp-content\/uploads\/2016\/08\/henri.jpg'><img decoding=\"async\" width=\"150\" height=\"150\" src=\"https:\/\/www.suitesdecheverny.fr\/wp-content\/uploads\/2016\/08\/henri-150x150.jpg\" class=\"attachment-thumbnail size-thumbnail\" alt=\"\" srcset=\"https:\/\/www.suitesdecheverny.fr\/wp-content\/uploads\/2016\/08\/henri-66x66.jpg 66w, https:\/\/www.suitesdecheverny.fr\/wp-content\/uploads\/2016\/08\/henri-150x150.jpg 150w\" sizes=\"(max-width: 150px) 100vw, 150px\" \/><\/a>\n\t\t\t<\/dt><\/dl><dl class='gallery-item'>\n\t\t\t<dt class='gallery-icon portrait'>\n\t\t\t\t<a data-rel=\"iLightbox[postimages]\" data-title=\"Henri3-min [ES]\" data-caption=\"\" href='https:\/\/www.suitesdecheverny.fr\/wp-content\/uploads\/2016\/08\/Henri3-min.jpg'><img decoding=\"async\" width=\"150\" height=\"150\" src=\"https:\/\/www.suitesdecheverny.fr\/wp-content\/uploads\/2016\/08\/Henri3-min-150x150.jpg\" class=\"attachment-thumbnail size-thumbnail\" alt=\"\" srcset=\"https:\/\/www.suitesdecheverny.fr\/wp-content\/uploads\/2016\/08\/Henri3-min-66x66.jpg 66w, https:\/\/www.suitesdecheverny.fr\/wp-content\/uploads\/2016\/08\/Henri3-min-150x150.jpg 150w\" sizes=\"(max-width: 150px) 100vw, 150px\" \/><\/a>\n\t\t\t<\/dt><\/dl><br style=\"clear: both\" \/><dl class='gallery-item'>\n\t\t\t<dt class='gallery-icon portrait'>\n\t\t\t\t<a data-rel=\"iLightbox[postimages]\" data-title=\"Henri4-min [ES]\" data-caption=\"\" href='https:\/\/www.suitesdecheverny.fr\/wp-content\/uploads\/2016\/08\/Henri4-min.jpg'><img decoding=\"async\" width=\"150\" height=\"150\" src=\"https:\/\/www.suitesdecheverny.fr\/wp-content\/uploads\/2016\/08\/Henri4-min-150x150.jpg\" class=\"attachment-thumbnail size-thumbnail\" alt=\"\" srcset=\"https:\/\/www.suitesdecheverny.fr\/wp-content\/uploads\/2016\/08\/Henri4-min-66x66.jpg 66w, https:\/\/www.suitesdecheverny.fr\/wp-content\/uploads\/2016\/08\/Henri4-min-150x150.jpg 150w\" sizes=\"(max-width: 150px) 100vw, 150px\" \/><\/a>\n\t\t\t<\/dt><\/dl><dl class='gallery-item'>\n\t\t\t<dt class='gallery-icon landscape'>\n\t\t\t\t<a data-rel=\"iLightbox[postimages]\" data-title=\"Ext\u00e9rieur1-min [ES]\" data-caption=\"\" href='https:\/\/www.suitesdecheverny.fr\/wp-content\/uploads\/2016\/08\/Ext\u00e9rieur1-min.jpg'><img decoding=\"async\" width=\"150\" height=\"150\" src=\"https:\/\/www.suitesdecheverny.fr\/wp-content\/uploads\/2016\/08\/Ext\u00e9rieur1-min-150x150.jpg\" class=\"attachment-thumbnail size-thumbnail\" alt=\"\" srcset=\"https:\/\/www.suitesdecheverny.fr\/wp-content\/uploads\/2016\/08\/Ext\u00e9rieur1-min-66x66.jpg 66w, https:\/\/www.suitesdecheverny.fr\/wp-content\/uploads\/2016\/08\/Ext\u00e9rieur1-min-150x150.jpg 150w\" sizes=\"(max-width: 150px) 100vw, 150px\" \/><\/a>\n\t\t\t<\/dt><\/dl><dl class='gallery-item'>\n\t\t\t<dt class='gallery-icon landscape'>\n\t\t\t\t<a data-rel=\"iLightbox[postimages]\" data-title=\"suite cheverny appartement \u00e0 louer [ES]\" data-caption=\"\" href='https:\/\/www.suitesdecheverny.fr\/wp-content\/uploads\/2016\/08\/Ext\u00e9rieur2-min.jpg'><img decoding=\"async\" width=\"150\" height=\"150\" src=\"https:\/\/www.suitesdecheverny.fr\/wp-content\/uploads\/2016\/08\/Ext\u00e9rieur2-min-150x150.jpg\" class=\"attachment-thumbnail size-thumbnail\" alt=\"suite cheverny appartement \u00e0 louer\" srcset=\"https:\/\/www.suitesdecheverny.fr\/wp-content\/uploads\/2016\/08\/Ext\u00e9rieur2-min-66x66.jpg 66w, https:\/\/www.suitesdecheverny.fr\/wp-content\/uploads\/2016\/08\/Ext\u00e9rieur2-min-150x150.jpg 150w\" sizes=\"(max-width: 150px) 100vw, 150px\" \/><\/a>\n\t\t\t<\/dt><\/dl><br style=\"clear: both\" \/>\n\t\t<\/div>\n\n<\/div><div class=\"fusion-clearfix\"><\/div><\/div><\/div><div class=\"fusion-layout-column fusion_builder_column fusion-builder-column-1 fusion_builder_column_1_2 1_2 fusion-one-half fusion-column-last\" style=\"--awb-padding-top:45px;--awb-padding-right:45px;--awb-padding-bottom:45px;--awb-padding-left:45px;--awb-bg-color:#f4f6f8;--awb-bg-color-hover:#f4f6f8;--awb-bg-position:right bottom;--awb-bg-size:cover;--awb-border-color:#ebeef1;--awb-border-top:1px;--awb-border-right:1px;--awb-border-bottom:1px;--awb-border-left:1px;--awb-border-style:solid;width:48%;\"><div class=\"fusion-column-wrapper fusion-flex-column-wrapper-legacy\"><div class=\"fusion-text fusion-text-4\"><p style=\"letter-spacing: 4px; font-size: 13px; margin-bottom: 0px; text-align: center;\">DISPONIBILIDADES<\/p>\n<h3 style=\"text-align: center;\">Calendario y reservas<\/h3>\n<\/div><div class=\"fusion-sep-clear\"><\/div><div class=\"fusion-separator fusion-full-width-sep\" style=\"margin-left: auto;margin-right: auto;margin-top:0px;margin-bottom:20px;width:100%;\"><div class=\"fusion-separator-border sep-single sep-solid\" style=\"--awb-height:20px;--awb-amount:20px;--awb-sep-color:#cbaa5c;border-color:#cbaa5c;border-top-width:1px;\"><\/div><\/div><div class=\"fusion-sep-clear\"><\/div><div class=\"fusion-text fusion-text-5\"><p><span id=\"result_box\" class=\"\" lang=\"en\"><span class=\"\"><span id=\"result_box\" class=\"\" lang=\"es\">Para reservar, haga clic en el d\u00eda de su llegada, luego en el n\u00famero deseado de d\u00edas y la cantidad de personas.<\/span><\/span><\/span><\/p>\n<\/div><script type=\"text\/javascript\" src=\"\/\/gadget.open-system.fr\/widgets-libs\/rel\/noyau-1.0.min.js\"><\/script>\n<script type=\"text\/javascript\">\n( function() {\n\tvar widgetProduit = AllianceReseaux.Widget.Instance( \"Produit\", { idPanier:\"U3RSU1M\", idIntegration:646, langue:\"es\", ui:\"OSMB-68633-1\" } );\n\twidgetProduit.PreApp(\"planning.largeurMax\", 500 );\n\twidgetProduit.Initialise();\n})();\n<\/script>\n\n<div id=\"widget-produit-OSMB-68633-1\"><\/div>\n<div class=\"fusion-clearfix\"><\/div><\/div><\/div><\/div><\/div>\n","protected":false},"excerpt":{"rendered":"","protected":false},"author":6,"featured_media":3537,"parent":2643,"menu_order":0,"comment_status":"closed","ping_status":"closed","template":"100-width.php","meta":{"footnotes":""},"class_list":["post-2645","page","type-page","status-publish","has-post-thumbnail","hentry"],"aioseo_notices":[],"_links":{"self":[{"href":"https:\/\/www.suitesdecheverny.fr\/es\/wp-json\/wp\/v2\/pages\/2645","targetHints":{"allow":["GET"]}}],"collection":[{"href":"https:\/\/www.suitesdecheverny.fr\/es\/wp-json\/wp\/v2\/pages"}],"about":[{"href":"https:\/\/www.suitesdecheverny.fr\/es\/wp-json\/wp\/v2\/types\/page"}],"author":[{"embeddable":true,"href":"https:\/\/www.suitesdecheverny.fr\/es\/wp-json\/wp\/v2\/users\/6"}],"replies":[{"embeddable":true,"href":"https:\/\/www.suitesdecheverny.fr\/es\/wp-json\/wp\/v2\/comments?post=2645"}],"version-history":[{"count":2,"href":"https:\/\/www.suitesdecheverny.fr\/es\/wp-json\/wp\/v2\/pages\/2645\/revisions"}],"predecessor-version":[{"id":5535,"href":"https:\/\/www.suitesdecheverny.fr\/es\/wp-json\/wp\/v2\/pages\/2645\/revisions\/5535"}],"up":[{"embeddable":true,"href":"https:\/\/www.suitesdecheverny.fr\/es\/wp-json\/wp\/v2\/pages\/2643"}],"wp:featuredmedia":[{"embeddable":true,"href":"https:\/\/www.suitesdecheverny.fr\/es\/wp-json\/wp\/v2\/media\/3537"}],"wp:attachment":[{"href":"https:\/\/www.suitesdecheverny.fr\/es\/wp-json\/wp\/v2\/media?parent=2645"}],"curies":[{"name":"wp","href":"https:\/\/api.w.org\/{rel}","templated":true}]}}